{"id":2,"date":"2009-05-02T00:25:40","date_gmt":"2009-05-01T22:25:40","guid":{"rendered":"http:\/\/www.mogandi.de\/?page_id=2"},"modified":"2009-05-04T11:59:35","modified_gmt":"2009-05-04T09:59:35","slug":"about","status":"publish","type":"page","link":"http:\/\/www.mogandi.de\/?page_id=2","title":{"rendered":"Die verschwundenen Schriftrollen"},"content":{"rendered":"<p>Als ich mit meinem Meister Urera im Kloster zu Maulbonna in den ehrw\u00fcrdigen Archiven w\u00fchlte und wir Ausschau hielten nach lesbaren und wertvollen Rollen, fiel uns diese eine in die H\u00e4nde. Sie sollte mir an einem Scheitelpunkt meines Lebens den Weg weisen, obwohl ich davon zu der Zeit noch nichts ahnte.<\/p>\n<p>&#8220; \u2026 and thus it came to pass that the gods of those who called themselves Amarr spoke unto Morrus:<br \/>\n<br \/>\n&#8218;Thou shall be proud and thou shall protect the intricate knowledge that harbors the ultimate Eudoimonia. Thou shall take pride in this endeavor and stride forth in might. Spread thy knowledge as a gift unto those who have not seen the light, so that we all may bask in Eudaimonia.&#8216;<\/p>\n<p>Morrus felt petrified at being directly addressed by the gods. However, their voices within him rang with strength and filled him with purpose. Now that their echoes faded away, the resolve of their message filled him like the tides. Determination broke his rigor. Bearing confidence and strength never even suspected before, he rose from proneness, and without opening his eyes \u2013 their services he would never require again, so they would remained closed \u2013 he ascended up, ever dayward, ever skyward, up into the daylight, up into the Light.<\/p>\n<p>77 days and nights had he thus spent in the Caves of Amarr. Henceforth, he would be known from star to star as the Unseeing Seer. It was through the eyes of the gods he beheld things, and it was great things they would behold that would rock the very foundations of those who were \u2026 &#8222;<\/p>\n<p>(Fragment found in The Temple of the Guardians of the Lost Scrolls)&#8220;<\/p>\n","protected":false},"excerpt":{"rendered":"<p>Als ich mit meinem Meister Urera im Kloster zu Maulbonna in den ehrw\u00fcrdigen Archiven w\u00fchlte und wir Ausschau hielten nach lesbaren und wertvollen Rollen, fiel uns diese eine in die H\u00e4nde. Sie sollte mir an einem Scheitelpunkt meines Lebens den Weg weisen, obwohl ich davon zu der Zeit noch nichts ahnte. &#8220; \u2026 and thus [&hellip;]<\/p>\n","protected":false},"author":2,"featured_media":0,"parent":0,"menu_order":0,"comment_status":"open","ping_status":"open","template":"","meta":{"footnotes":""},"class_list":["post-2","page","type-page","status-publish","hentry"],"_links":{"self":[{"href":"http:\/\/www.mogandi.de\/index.php?rest_route=\/wp\/v2\/pages\/2","targetHints":{"allow":["GET"]}}],"collection":[{"href":"http:\/\/www.mogandi.de\/index.php?rest_route=\/wp\/v2\/pages"}],"about":[{"href":"http:\/\/www.mogandi.de\/index.php?rest_route=\/wp\/v2\/types\/page"}],"author":[{"embeddable":true,"href":"http:\/\/www.mogandi.de\/index.php?rest_route=\/wp\/v2\/users\/2"}],"replies":[{"embeddable":true,"href":"http:\/\/www.mogandi.de\/index.php?rest_route=%2Fwp%2Fv2%2Fcomments&post=2"}],"version-history":[{"count":7,"href":"http:\/\/www.mogandi.de\/index.php?rest_route=\/wp\/v2\/pages\/2\/revisions"}],"predecessor-version":[{"id":4,"href":"http:\/\/www.mogandi.de\/index.php?rest_route=\/wp\/v2\/pages\/2\/revisions\/4"}],"wp:attachment":[{"href":"http:\/\/www.mogandi.de\/index.php?rest_route=%2Fwp%2Fv2%2Fmedia&parent=2"}],"curies":[{"name":"wp","href":"https:\/\/api.w.org\/{rel}","templated":true}]}}